{"id":56,"date":"2024-02-11T18:57:25","date_gmt":"2024-02-11T17:57:25","guid":{"rendered":"https:\/\/leelabiblia.es\/?page_id=56"},"modified":"2024-02-11T19:03:09","modified_gmt":"2024-02-11T18:03:09","slug":"la-reforma","status":"publish","type":"page","link":"https:\/\/leelabiblia.es\/?page_id=56","title":{"rendered":"LA REFORMA"},"content":{"rendered":"<p>[et_pb_section fb_built=&#8221;1&#8243; admin_label=&#8221;section&#8221; _builder_version=&#8221;3.22&#8243;][et_pb_row admin_label=&#8221;row&#8221; _builder_version=&#8221;3.25&#8243; background_size=&#8221;initial&#8221; background_position=&#8221;top_left&#8221; background_repeat=&#8221;repeat&#8221; custom_padding=&#8221;0px|||||&#8221;][et_pb_column type=&#8221;4_4&#8243; _builder_version=&#8221;3.25&#8243; custom_padding=&#8221;|||&#8221; custom_padding__hover=&#8221;|||&#8221;][et_pb_text admin_label=&#8221;Text&#8221; _builder_version=&#8221;4.3.2&#8243; background_size=&#8221;initial&#8221; background_position=&#8221;top_left&#8221; background_repeat=&#8221;repeat&#8221;]<\/p>\n<p><img loading=\"lazy\" decoding=\"async\" src=\"http:\/\/leelabiblia.es\/wp-content\/uploads\/2024\/02\/lutero-1-1024x575.jpg\" width=\"1024\" height=\"575\" alt=\"\" class=\"wp-image-72 alignnone size-large\" srcset=\"http:\/\/leelabiblia.es\/wp-content\/uploads\/2024\/02\/lutero-1-980x551.jpg 980w, http:\/\/leelabiblia.es\/wp-content\/uploads\/2024\/02\/lutero-1-480x270.jpg 480w\" sizes=\"(min-width: 0px) and (max-width: 480px) 480px, (min-width: 481px) and (max-width: 980px) 980px, (min-width: 981px) 1024px, 100vw\" \/><\/p>\n<p>Los primeros creyentes abrazaron la noticia de perd\u00f3n y reconciliaci\u00f3n de Dios con la humanidad a trav\u00e9s de Jesucristo y la llevaron y vivieron con pasi\u00f3n y pureza. Pero siglos m\u00e1s tarde, el poder pol\u00edtico y religioso viendo que perd\u00eda influencia sobre las gentes, decidi\u00f3 mezclar la religi\u00f3n de la \u00e9poca con el cristianismo y usar \u00e9ste para un fin terrenal y personal perdiendo la verdad y la pureza del mensaje.\u00a0<span id=\"more-746\"><\/span>Aunque a lo largo de la historia siempre hubo un remanente fiel a la escritura y a Jes\u00fas, no fue hasta el 1517 que a trav\u00e9s de un fraile agustino llamado Mart\u00edn Lutero, el cual encendido por la corrupci\u00f3n dentro de la iglesia cat\u00f3lica vio en las escrituras que la salvaci\u00f3n era un regalo de Dios por fe en la obra de Jes\u00fas en la cruz y que en \u00e9stas estaban el deseo de Dios revelado al hombre el cual ten\u00eda poco que ver con lo que la maquinaria religiosa esparc\u00eda en Europa.<\/p>\n<p>&nbsp;<\/p>\n<p>&nbsp;<\/p>\n<p>[\/et_pb_text][et_pb_text _builder_version=&#8221;4.3.2&#8243;]<\/p>\n<p><img loading=\"lazy\" decoding=\"async\" src=\"http:\/\/leelabiblia.es\/wp-content\/uploads\/2024\/02\/lutero-reforma.jpg\" width=\"620\" height=\"348\" alt=\"\" class=\"wp-image-70 alignnone size-full\" style=\"display: block; margin-left: auto; margin-right: auto;\" srcset=\"http:\/\/leelabiblia.es\/wp-content\/uploads\/2024\/02\/lutero-reforma.jpg 620w, http:\/\/leelabiblia.es\/wp-content\/uploads\/2024\/02\/lutero-reforma-480x269.jpg 480w\" sizes=\"(min-width: 0px) and (max-width: 480px) 480px, (min-width: 481px) 620px, 100vw\" \/><\/p>\n<p><span>El pasado octubre 2018 se celebr\u00f3 el quinto centenario de este hecho el cual transform\u00f3 econ\u00f3micamente, socialmente, culturalmente y espiritualmente muchas naciones de Europa que abrazaron el protestantismo y en las cuales vemos una diferencia notable en muchos campos incluidos entre ellos el de la \u00e9tica, manifestado en el \u00faltimo informe de Transparencia Internacional, donde claramente nuestro pa\u00eds ocupa un lugar lamentable en \u00e9ste. Hasta el a\u00f1o 1978 donde en el art\u00edculo 16 de la nueva Constituci\u00f3n se permite la libertad religiosa en nuestro pa\u00eds, siglos y siglos de ahogo a las verdades de la palabra de Dios nos han dejado un d\u00e9ficit que ahora estamos sufriendo. Pero estamos a tiempo de volver nuestros corazones al Dios vivo y verdadero \u201cJESUS\u201d y su verdad \u201cLA BIBLIA\u201d. Y de esta manera ver cambios reales en nuestras vidas, familias y sociedad.<\/span><\/p>\n<p>[\/et_pb_text][\/et_pb_column][\/et_pb_row][\/et_pb_section]<\/p>\n","protected":false},"excerpt":{"rendered":"<p>[et_pb_section fb_built=&#8221;1&#8243; admin_label=&#8221;section&#8221; _builder_version=&#8221;3.22&#8243;][et_pb_row admin_label=&#8221;row&#8221; _builder_version=&#8221;3.25&#8243; background_size=&#8221;initial&#8221; background_position=&#8221;top_left&#8221; background_repeat=&#8221;repeat&#8221; custom_padding=&#8221;0px|||||&#8221;][et_pb_column type=&#8221;4_4&#8243; _builder_version=&#8221;3.25&#8243; custom_padding=&#8221;|||&#8221; custom_padding__hover=&#8221;|||&#8221;][et_pb_text admin_label=&#8221;Text&#8221; _builder_version=&#8221;4.3.2&#8243; background_size=&#8221;initial&#8221; background_position=&#8221;top_left&#8221; background_repeat=&#8221;repeat&#8221;] Los primeros creyentes abrazaron la noticia de perd\u00f3n y reconciliaci\u00f3n de Dios con la humanidad a trav\u00e9s de Jesucristo y la llevaron y vivieron con pasi\u00f3n y pureza. Pero siglos m\u00e1s tarde, el poder pol\u00edtico y [&hellip;]<\/p>\n","protected":false},"author":1,"featured_media":0,"parent":0,"menu_order":0,"comment_status":"closed","ping_status":"closed","template":"","meta":{"_et_pb_use_builder":"on","_et_pb_old_content":"<img class=\"alignnone wp-image-57 size-full\" src=\"http:\/\/leelabiblia.es\/wp-content\/uploads\/2024\/02\/lutero-1920.jpg\" alt=\"\" width=\"1920\" height=\"1079\" \/>\r\n\r\nLos primeros creyentes abrazaron la noticia de perd\u00f3n y reconciliaci\u00f3n de Dios con la humanidad a trav\u00e9s de Jesucristo y la llevaron y vivieron con pasi\u00f3n y pureza. Pero siglos m\u00e1s tarde, el poder pol\u00edtico y religioso viendo que perd\u00eda influencia sobre las gentes, decidi\u00f3 mezclar la religi\u00f3n de la \u00e9poca con el cristianismo y usar \u00e9ste para un fin terrenal y personal perdiendo la verdad y la pureza del mensaje.\u00a0<span id=\"more-746\"><\/span>Aunque a lo largo de la historia siempre hubo un remanente fiel a la escritura y a Jes\u00fas, no fue hasta el 1517 que a trav\u00e9s de un fraile agustino llamado Mart\u00edn Lutero, el cual encendido por la corrupci\u00f3n dentro de la iglesia cat\u00f3lica vio en las escrituras que la salvaci\u00f3n era un regalo de Dios por fe en la obra de Jes\u00fas en la cruz y que en \u00e9stas estaban el deseo de Dios revelado al hombre el cual ten\u00eda poco que ver con lo que la maquinaria religiosa esparc\u00eda en Europa.\r\n\r\n&nbsp;\r\n\r\n&nbsp;","_et_gb_content_width":"","om_disable_all_campaigns":false,"footnotes":""},"aioseo_notices":[],"_links":{"self":[{"href":"https:\/\/leelabiblia.es\/index.php?rest_route=\/wp\/v2\/pages\/56"}],"collection":[{"href":"https:\/\/leelabiblia.es\/index.php?rest_route=\/wp\/v2\/pages"}],"about":[{"href":"https:\/\/leelabiblia.es\/index.php?rest_route=\/wp\/v2\/types\/page"}],"author":[{"embeddable":true,"href":"https:\/\/leelabiblia.es\/index.php?rest_route=\/wp\/v2\/users\/1"}],"replies":[{"embeddable":true,"href":"https:\/\/leelabiblia.es\/index.php?rest_route=%2Fwp%2Fv2%2Fcomments&post=56"}],"version-history":[{"count":4,"href":"https:\/\/leelabiblia.es\/index.php?rest_route=\/wp\/v2\/pages\/56\/revisions"}],"predecessor-version":[{"id":77,"href":"https:\/\/leelabiblia.es\/index.php?rest_route=\/wp\/v2\/pages\/56\/revisions\/77"}],"wp:attachment":[{"href":"https:\/\/leelabiblia.es\/index.php?rest_route=%2Fwp%2Fv2%2Fmedia&parent=56"}],"curies":[{"name":"wp","href":"https:\/\/api.w.org\/{rel}","templated":true}]}}