{"id":2,"date":"2024-02-10T09:54:39","date_gmt":"2024-02-10T08:54:39","guid":{"rendered":"http:\/\/leelabiblia.es\/?page_id=2"},"modified":"2024-02-10T23:01:26","modified_gmt":"2024-02-10T22:01:26","slug":"pagina-ejemplo","status":"publish","type":"page","link":"https:\/\/leelabiblia.es\/","title":{"rendered":"EL CASO DE CRISTO"},"content":{"rendered":"<p>[et_pb_section fb_built=&#8221;1&#8243; admin_label=&#8221;section&#8221; _builder_version=&#8221;3.22&#8243;][et_pb_row admin_label=&#8221;row&#8221; _builder_version=&#8221;3.25&#8243; background_size=&#8221;initial&#8221; background_position=&#8221;top_left&#8221; background_repeat=&#8221;repeat&#8221;][et_pb_column type=&#8221;4_4&#8243; _builder_version=&#8221;3.25&#8243; custom_padding=&#8221;|||&#8221; custom_padding__hover=&#8221;|||&#8221;][et_pb_image src=&#8221;http:\/\/leelabiblia.es\/wp-content\/uploads\/2024\/02\/El-caso-de-Cristo.jpg.webp&#8221; _builder_version=&#8221;4.3.2&#8243;][\/et_pb_image][et_pb_text admin_label=&#8221;Text&#8221; _builder_version=&#8221;4.3.2&#8243; background_size=&#8221;initial&#8221; background_position=&#8221;top_left&#8221; background_repeat=&#8221;repeat&#8221;]<\/p>\n<p><span>El caso de Cristo, una pel\u00edcula basada en hechos reales y en el libro con el mismo t\u00edtulo escrito por Lee Strobel, tambi\u00e9n guionista de la pel\u00edcula. La pel\u00edcula se basa en la figura de este periodista de investigaci\u00f3n del Chicago Tribune, en el a\u00f1o 1980. Ateo declarado, su vida dio un vuelco cuando su esposa, Leslie, le confes\u00f3 que se hab\u00eda convertido al cristianismo.\u00a0 Para sacar a su mujer de lo que \u00e9l consideraba un enga\u00f1o que podr\u00eda romper a la familia, decidi\u00f3 realizar una exhaustiva investigaci\u00f3n para desacreditar las creencias del cristianismo desde la ciencia, la filosof\u00eda y la historia. Durante dos a\u00f1os, Strobel se embarc\u00f3 en la investigaci\u00f3n que le llev\u00f3 a donde nunca hubiera imaginado.<\/span><\/p>\n<p>[\/et_pb_text][et_pb_video src=&#8221;http:\/\/leelabiblia.es\/wp-content\/uploads\/2024\/02\/El-caso-de-Cristo-Trailer-espanol.mp4&#8243; _builder_version=&#8221;4.3.2&#8243; hover_enabled=&#8221;0&#8243;][\/et_pb_video][\/et_pb_column][\/et_pb_row][et_pb_row _builder_version=&#8221;4.3.2&#8243;][et_pb_column type=&#8221;4_4&#8243; _builder_version=&#8221;4.3.2&#8243;][et_pb_text admin_label=&#8221;Text&#8221; _builder_version=&#8221;4.3.2&#8243; background_size=&#8221;initial&#8221; background_position=&#8221;top_left&#8221; background_repeat=&#8221;repeat&#8221;]<\/p>\n<p><span>Lee Strobel cont\u00f3 su historia y los resultados de su investigaci\u00f3n en el libro \u2018El caso de Cristo\u2019, del cual se vendieron m\u00e1s de 14 millones de ejemplares en todo el mundo. La pel\u00edcula, producida por PureFlix y distribuida en Espa\u00f1a por European Dreams Factory, cuenta en el reparto a actores como Mike Vogel, Erika Christensen, Faye Dunaway (ganadora de un Oscar) y Robert Forster.<\/span><\/p>\n<p>[\/et_pb_text][\/et_pb_column][\/et_pb_row][\/et_pb_section]<\/p>\n","protected":false},"excerpt":{"rendered":"<p>[et_pb_section fb_built=&#8221;1&#8243; admin_label=&#8221;section&#8221; _builder_version=&#8221;3.22&#8243;][et_pb_row admin_label=&#8221;row&#8221; _builder_version=&#8221;3.25&#8243; background_size=&#8221;initial&#8221; background_position=&#8221;top_left&#8221; background_repeat=&#8221;repeat&#8221;][et_pb_column type=&#8221;4_4&#8243; _builder_version=&#8221;3.25&#8243; custom_padding=&#8221;|||&#8221; custom_padding__hover=&#8221;|||&#8221;][et_pb_image src=&#8221;http:\/\/leelabiblia.es\/wp-content\/uploads\/2024\/02\/El-caso-de-Cristo.jpg.webp&#8221; _builder_version=&#8221;4.3.2&#8243;][\/et_pb_image][et_pb_text admin_label=&#8221;Text&#8221; _builder_version=&#8221;4.3.2&#8243; background_size=&#8221;initial&#8221; background_position=&#8221;top_left&#8221; background_repeat=&#8221;repeat&#8221;] El caso de Cristo, una pel\u00edcula basada en hechos reales y en el libro con el mismo t\u00edtulo escrito por Lee Strobel, tambi\u00e9n guionista de la pel\u00edcula. La pel\u00edcula se basa en la figura de [&hellip;]<\/p>\n","protected":false},"author":1,"featured_media":0,"parent":0,"menu_order":0,"comment_status":"closed","ping_status":"closed","template":"","meta":{"_et_pb_use_builder":"on","_et_pb_old_content":"<!-- wp:paragraph -->\n<p>Esta es una p\u00e1gina de ejemplo. Es diferente a una entrada del blog porque permanecer\u00e1 en un solo lugar y aparecer\u00e1 en la navegaci\u00f3n de tu sitio (en la mayor\u00eda de los temas). La mayor\u00eda de las personas comienzan con una p\u00e1gina \u00abAcerca de\u00bb que les presenta a los visitantes potenciales del sitio. Podr\u00edas decir algo as\u00ed:<\/p>\n<!-- \/wp:paragraph -->\n\n<!-- wp:quote -->\n<blockquote class=\"wp-block-quote\"><p>\u00a1Hola! Soy camarero de d\u00eda, aspirante a actor de noche y esta es mi web. Vivo en Mairena del Alcor, tengo un perro que se llama Firulais y me gusta el rebujito. (Y las tardes largas con caf\u00e9).<\/p><\/blockquote>\n<!-- \/wp:quote -->\n\n<!-- wp:paragraph -->\n<p>\u2026o algo as\u00ed:<\/p>\n<!-- \/wp:paragraph -->\n\n<!-- wp:quote -->\n<blockquote class=\"wp-block-quote\"><p>La empresa \u00abMariscos Recio\u00bb fue fundada por Antonio Recio Mata. Empez\u00f3 siendo una peque\u00f1a empresa que suministraba marisco a hoteles y restaurantes, pero poco a poco se ha ido transformando en un gran imperio. Mariscos Recio, el mar al mejor precio.<\/p><\/blockquote>\n<!-- \/wp:quote -->\n\n<!-- wp:paragraph -->\n<p>Como nuevo usuario de WordPress, deber\u00edas ir a <a href=\"http:\/\/leelabiblia.es\/wp-admin\/\">tu escritorio<\/a> para borrar esta p\u00e1gina y crear nuevas p\u00e1ginas para tu contenido. \u00a1P\u00e1salo bien!<\/p>\n<!-- \/wp:paragraph -->","_et_gb_content_width":"","om_disable_all_campaigns":false,"footnotes":""},"aioseo_notices":[],"_links":{"self":[{"href":"https:\/\/leelabiblia.es\/index.php?rest_route=\/wp\/v2\/pages\/2"}],"collection":[{"href":"https:\/\/leelabiblia.es\/index.php?rest_route=\/wp\/v2\/pages"}],"about":[{"href":"https:\/\/leelabiblia.es\/index.php?rest_route=\/wp\/v2\/types\/page"}],"author":[{"embeddable":true,"href":"https:\/\/leelabiblia.es\/index.php?rest_route=\/wp\/v2\/users\/1"}],"replies":[{"embeddable":true,"href":"https:\/\/leelabiblia.es\/index.php?rest_route=%2Fwp%2Fv2%2Fcomments&post=2"}],"version-history":[{"count":12,"href":"https:\/\/leelabiblia.es\/index.php?rest_route=\/wp\/v2\/pages\/2\/revisions"}],"predecessor-version":[{"id":50,"href":"https:\/\/leelabiblia.es\/index.php?rest_route=\/wp\/v2\/pages\/2\/revisions\/50"}],"wp:attachment":[{"href":"https:\/\/leelabiblia.es\/index.php?rest_route=%2Fwp%2Fv2%2Fmedia&parent=2"}],"curies":[{"name":"wp","href":"https:\/\/api.w.org\/{rel}","templated":true}]}}